{"id":14446,"date":"2025-07-17T11:30:45","date_gmt":"2025-07-17T09:30:45","guid":{"rendered":"https:\/\/stage.ligula.se\/?page_id=14446"},"modified":"2025-11-19T15:59:04","modified_gmt":"2025-11-19T14:59:04","slug":"brollop-och-fest-pa-ronnums-herrgard","status":"publish","type":"page","link":"https:\/\/ligula.se\/sv\/brollop-och-fest-pa-ronnums-herrgard\/","title":{"rendered":"Br\u00f6llop och fest p\u00e5 Ronnums Herrg\u00e5rd"},"content":{"rendered":"","protected":false},"excerpt":{"rendered":"","protected":false},"author":2,"featured_media":0,"parent":0,"menu_order":0,"comment_status":"closed","ping_status":"closed","template":"","meta":{"_acf_changed":false,"footnotes":""},"class_list":["post-14446","page","type-page","status-publish","hentry"],"acf":[],"publishpress_future_action":{"enabled":false,"date":"2026-04-26 12:47:24","action":"change-status","newStatus":"draft","terms":[],"taxonomy":"translation_priority","extraData":[]},"publishpress_future_workflow_manual_trigger":{"enabledWorkflows":[]},"_links":{"self":[{"href":"https:\/\/ligula.se\/sv\/wp-json\/wp\/v2\/pages\/14446","targetHints":{"allow":["GET"]}}],"collection":[{"href":"https:\/\/ligula.se\/sv\/wp-json\/wp\/v2\/pages"}],"about":[{"href":"https:\/\/ligula.se\/sv\/wp-json\/wp\/v2\/types\/page"}],"author":[{"embeddable":true,"href":"https:\/\/ligula.se\/sv\/wp-json\/wp\/v2\/users\/2"}],"replies":[{"embeddable":true,"href":"https:\/\/ligula.se\/sv\/wp-json\/wp\/v2\/comments?post=14446"}],"version-history":[{"count":0,"href":"https:\/\/ligula.se\/sv\/wp-json\/wp\/v2\/pages\/14446\/revisions"}],"wp:attachment":[{"href":"https:\/\/ligula.se\/sv\/wp-json\/wp\/v2\/media?parent=14446"}],"curies":[{"name":"wp","href":"https:\/\/api.w.org\/{rel}","templated":true}]}}